{"id":231,"date":"2015-12-16T16:58:08","date_gmt":"2015-12-16T14:58:08","guid":{"rendered":"https:\/\/noor.targaltinternetis.ee\/ru\/nutikalt-mobiilis\/"},"modified":"2023-09-26T14:14:38","modified_gmt":"2023-09-26T11:14:38","slug":"%d1%81%d0%bc%d0%b0%d1%80%d1%82-%d1%83%d1%81%d1%82%d1%80%d0%be%d0%b9%d1%81%d1%82%d0%b2%d0%be","status":"publish","type":"page","link":"https:\/\/noor.targaltinternetis.ee\/ru\/%d1%81%d0%bc%d0%b0%d1%80%d1%82-%d1%83%d1%81%d1%82%d1%80%d0%be%d0%b9%d1%81%d1%82%d0%b2%d0%be\/","title":{"rendered":"\u0421\u043c\u0430\u0440\u0442 \u0443\u0441\u0442\u0440\u043e\u0439\u0441\u0442\u0432\u043e"},"content":{"rendered":"<h2>Nutiseade<\/h2>\n<ul>\n<li>Pane nutiseadmetele ekraanilukk peale (kas kood, muster v\u00f5i s\u00f5rmej\u00e4lg) ning v\u00f5imalusel kasuta automaatse luku seadistust (lukk l\u00e4heb automaatselt peale n\u00e4iteks 1 minuti jooksul, kui seadet ei kasutata).<\/li>\n<li>Nutiseade on sisuliselt v\u00e4ike v\u00f5imas arvuti ning v\u00f5ib samuti vajada viiruset\u00f5rjet. Paigalda nutiseadmetele viiruset\u00f5rje tarkvara (uuri n\u00e4iteks tootjatelt, kelle viiruset\u00f5rjet oma arvutis kasutad).<\/li>\n<li>\u00c4ra j\u00e4ta nutiseadmeid avalikes kohtades (kohvikus, kinos jne) j\u00e4relvalveta. Sinu nutiseadmes on suure t\u00f5en\u00e4osusega palju sulle vajalikku infot ja andmeid. Nutiseadme vargus v\u00f5ib t\u00e4hendada ka rahalist kahju \u2013 n\u00e4iteks kui sinu konto alt ostetakse tooteid jmt.<\/li>\n<li>\u00c4ra oma nutiseadet hooletult minema viska. Kustuta andmed ja vii n\u00e4iteks spetsiaalse t\u00f6\u00f6tleja juurde \u2013 nutiseadmest saab suure osa taaskasutada.<\/li>\n<li>Vaheta regulaarselt nutiseadme sisselogimis-parooli. Mida raskem on Sinu nutiseadme sisule ligi p\u00e4\u00e4semine, seda paremini end kaitsed.<\/li>\n<li>Vaheta \u00e4ra nutiseadme SIM-kaardi algne PIN kood. Nii on seda palju raskem \u00e4ra arvata, kui keegi nutiseadme omavoliliselt enda k\u00e4tte saab.<\/li>\n<li>Nutiseadet m\u00fc\u00fces v\u00f5i vahetades kustuta k\u00f5ik sinna salvestatud andmed. Kui sa seda ei tee, v\u00f5ib seadme j\u00e4rgmine omanik neid kuritarvitada. Sellega v\u00f5ib kaasneda ka potentsiaalne rahaline kahju. Vajadusel k\u00fcsi abi oma mobiilioperaatorilt.<\/li>\n<\/ul>\n<h2>\u00c4pid ja teenused<\/h2>\n<ul>\n<li>Kontrolli enne rakenduste (\u00e4ppide) allalaadimist nende tausta (vajadusel otsi internetist taustainfot, loe teiste arvamusi). Tutvu ka privaatsusreeglitega (<em>Privacy Rules)<\/em>.<\/li>\n<li>J\u00e4lgi, milliseid \u00f5igusi \u00e4pp k\u00fcsib (neid n\u00e4idatakse \u00e4pi\/rakenduse allalaadimisel). Kasuta loogilist m\u00f5tlemist ning \u00e4ra lae alla \u00e4ppe, mis soovivad \u00f5igusi, millel pole rakendusega loogilist seost. N\u00e4iteks, miks peaks \u00fcks m\u00e4ng k\u00fcsima \u00f5igust lugeda sinu e-kirjasid?<\/li>\n<li>Uuenda pidevalt nutiseadme ja rakenduste tarkvara (kasuta uusimaid tarkvaraversioone).<\/li>\n<li>Kasuta \u00e4ppide ostmiseks nutiseadme tootja ametlikke poode nagu n\u00e4iteks <em>App Store<\/em> (Apple) v\u00f5i <em>Google Play<\/em> (Android).<\/li>\n<li>J\u00e4lgige, milliseid andmeid see rakendus k\u00fcsib.<\/li>\n<li>J\u00e4lgi, kas \u00e4pi\/m\u00e4ngu\/rakenduse sees on ka tasulisi osasid (<em>in-app purchase<\/em>)? Vajadusel keela see seadistustes.<\/li>\n<li>WIFi-v\u00f5rkude puhul kasuta soovitavalt turvalisi (st parooliga kaitstud) v\u00f5rkusid. Ilma paroolita v\u00f5rkudes on Sinu nutiseadme \u00fclev\u00f5tmine lihtsam.<\/li>\n<li>E-poodidest asjade tellimisel tasub olla t\u00e4helepanek nagu mistahes muu ostu puhul, et v\u00f5imalikku materiaalset kahju \u00e4ra hoida. T\u00e4psemad juhised Tarbijakaitseameti kodulehel: <a href=\"http:\/\/www.tarbijakaitseamet.ee\/et\/tarbijale\/e-kaubandus\" target=\"_blank\" rel=\"noopener\">http:\/\/www.tarbijakaitseamet.ee\/et\/tarbijale\/e-kaubandus<\/a>.\u00a0<\/li>\n<li>Kasuta Mobiil-ID v\u00f5imalusi nutiseadmetes e-teenustesse sisselogimisel ja digiallkirja andmisel, nagu arvutis kasutad ID-kaarti, sest see on k\u00f5ige turvalisem viis. Samuti sobib selleks ka Smart-ID.<\/li>\n<\/ul>\n<h2>Andmed ja info<\/h2>\n<ul>\n<li>J\u00e4lgi, mis andmeid \u00e4pp k\u00fcsib ja kas \u00e4ppil on neid andmeid ikka vaja? Kui n\u00e4iteks laadid alla taskulambi rakenduse, kas see peab Sinu e-kirjadele ligip\u00e4\u00e4su k\u00fcsima?<\/li>\n<li>Kasuta erinevate rakenduste puhul erinevaid ligip\u00e4\u00e4suparoole. See v\u00e4hendab riske. Kui n\u00e4iteks 1 parool \u00e4ra kaaperdatakse, saad teisi teenuseid ja rakendusi edasi kasutada.<\/li>\n<li>Proovi v\u00e4ltida rakendustes \u201cj\u00e4ta-mind-meelde\u201d v\u00f5imaluse kasutamist. See teeb v\u00f5imalikule kurjategijale sinu andmete ligip\u00e4\u00e4su v\u00e4ga lihtsaks.<\/li>\n<li>Loo tahvelarvutis erinevatele kasutajatele oma kasutajakontod (n\u00e4iteks endale ja lapsele).<\/li>\n<li>Kui sa jagad asju nutimaailmas, siis need ei kuulu enam ainult sulle vaid siis sa jagad neid kogu maailmaga. Tutvu alati v\u00f5imalusel privaatsuse s\u00e4tetega ning seadista need v\u00f5imalikult konservatiivselt.<\/li>\n<li>M\u00f5tle l\u00e4bi, millised teavitusi soovid n\u00e4ha ekraanil? Kui telefon on j\u00e4relvalveta, siis n\u00e4evad teised neid.<\/li>\n<li>J\u00e4lgi, kus on rakenduste privaatsustingimused ja tutvu nendega.<\/li>\n<li>Kasuta kr\u00fcpteerimist, sest kui keegi teine sinu nutiseadme \u00fcle v\u00f5tab v\u00f5i oma valdusesse saab, ei p\u00e4\u00e4se ta ligi sinu olulisele infole \u2013 olgu selleks siis n\u00e4iteks t\u00f6ine kirjavahetus v\u00f5i lepingud.<\/li>\n<li>Salvesta (varunda) nutiseadmes olevad andmed v\u00f5imalusel seadmest va\u0308lja (n\u00e4iteks erinevatesse \u201cpilve\u201d serveritesse), mida pakuvad paljud nutiseadmete tootjad, sest nii ei kaota sa koos nutiseadmega kogu infot. Nii toimides v\u00e4hendad potentsiaalset tekitatud kahju.<\/li>\n<\/ul>\n<p>Vaata rohkem soovitusi Ole IT-vaatlik veebilehelt: <a href=\"https:\/\/www.itvaatlik.ee\/ole-it-vaatlik\/\" target=\"_blank\" rel=\"noopener\">https:\/\/www.itvaatlik.ee\/ole-it-vaatlik\/<\/a>.\u00a0<\/p>\n\n<p><\/p>\n","protected":false},"excerpt":{"rendered":"<p>Nutiseade Pane nutiseadmetele ekraanilukk peale (kas kood, muster v\u00f5i s\u00f5rmej\u00e4lg) ning v\u00f5imalusel kasuta automaatse luku seadistust (lukk l\u00e4heb automaatselt peale n\u00e4iteks 1 minuti jooksul,&hellip;<\/p>\n","protected":false},"author":1,"featured_media":38,"parent":0,"menu_order":13,"comment_status":"closed","ping_status":"closed","template":"","meta":{"footnotes":""},"class_list":["post-231","page","type-page","status-publish","has-post-thumbnail","hentry"],"_links":{"self":[{"href":"https:\/\/noor.targaltinternetis.ee\/ru\/wp-json\/wp\/v2\/pages\/231","targetHints":{"allow":["GET"]}}],"collection":[{"href":"https:\/\/noor.targaltinternetis.ee\/ru\/wp-json\/wp\/v2\/pages"}],"about":[{"href":"https:\/\/noor.targaltinternetis.ee\/ru\/wp-json\/wp\/v2\/types\/page"}],"author":[{"embeddable":true,"href":"https:\/\/noor.targaltinternetis.ee\/ru\/wp-json\/wp\/v2\/users\/1"}],"replies":[{"embeddable":true,"href":"https:\/\/noor.targaltinternetis.ee\/ru\/wp-json\/wp\/v2\/comments?post=231"}],"version-history":[{"count":5,"href":"https:\/\/noor.targaltinternetis.ee\/ru\/wp-json\/wp\/v2\/pages\/231\/revisions"}],"predecessor-version":[{"id":1036,"href":"https:\/\/noor.targaltinternetis.ee\/ru\/wp-json\/wp\/v2\/pages\/231\/revisions\/1036"}],"wp:featuredmedia":[{"embeddable":true,"href":"https:\/\/noor.targaltinternetis.ee\/ru\/wp-json\/wp\/v2\/media\/38"}],"wp:attachment":[{"href":"https:\/\/noor.targaltinternetis.ee\/ru\/wp-json\/wp\/v2\/media?parent=231"}],"curies":[{"name":"wp","href":"https:\/\/api.w.org\/{rel}","templated":true}]}}