{"id":200,"date":"2015-12-16T17:00:16","date_gmt":"2015-12-16T15:00:16","guid":{"rendered":"https:\/\/noor.targaltinternetis.ee\/ru\/veebimang-nastix\/"},"modified":"2025-06-30T16:15:31","modified_gmt":"2025-06-30T13:15:31","slug":"%d0%bd%d0%b0%d1%81%d1%82%d0%b8%d0%ba%d1%81-%d0%b2-%d0%b8%d0%bd%d1%82%d0%b5%d1%80%d0%bd%d0%b5%d1%82%d0%b5","status":"publish","type":"page","link":"https:\/\/noor.targaltinternetis.ee\/ru\/%d0%bd%d0%b0%d1%81%d1%82%d0%b8%d0%ba%d1%81-%d0%b2-%d0%b8%d0%bd%d1%82%d0%b5%d1%80%d0%bd%d0%b5%d1%82%d0%b5\/","title":{"rendered":"\u041d\u0430\u0441\u0442\u0438\u043a\u0441 \u0432 \u0438\u043d\u0442\u0435\u0440\u043d\u0435\u0442\u0435"},"content":{"rendered":"\n<p>Veebim\u00e4ng <a href=\"https:\/\/www.targaltinternetis.ee\/reis\/\">Reis internetis<\/a><\/p>\n\n<figure class=\"wp-block-image size-full is-resized\"><a href=\"https:\/\/www.targaltinternetis.ee\/reis\/\"><img loading=\"lazy\" decoding=\"async\" width=\"696\" height=\"416\" src=\"https:\/\/noor.targaltinternetis.ee\/wp-content\/uploads\/2025\/06\/reis_internetis.png\" alt=\"\" class=\"wp-image-1204\" style=\"width:570px;height:auto\" srcset=\"https:\/\/noor.targaltinternetis.ee\/wp-content\/uploads\/2025\/06\/reis_internetis.png 696w, https:\/\/noor.targaltinternetis.ee\/wp-content\/uploads\/2025\/06\/reis_internetis-340x203.png 340w\" sizes=\"auto, (max-width: 696px) 100vw, 696px\" \/><\/a><\/figure>\n\n<p><strong>Veebim\u00e4ng <a href=\"https:\/\/spoofy.ee\/et\">Spoofy<\/a><\/strong><\/p>\n\n<figure class=\"wp-block-image size-full is-resized\"><a href=\"https:\/\/spoofy.ee\/et\"><img loading=\"lazy\" decoding=\"async\" width=\"1200\" height=\"900\" src=\"https:\/\/noor.targaltinternetis.ee\/wp-content\/uploads\/2023\/09\/Spoofy-mang.jpg\" alt=\"\" class=\"wp-image-1075\" style=\"aspect-ratio:1.3323615160349853;width:575px;height:auto\" srcset=\"https:\/\/noor.targaltinternetis.ee\/wp-content\/uploads\/2023\/09\/Spoofy-mang.jpg 1200w, https:\/\/noor.targaltinternetis.ee\/wp-content\/uploads\/2023\/09\/Spoofy-mang-340x255.jpg 340w\" sizes=\"auto, (max-width: 1200px) 100vw, 1200px\" \/><\/a><\/figure>\n\n<p><strong>Veebim\u00e4ng <a href=\"https:\/\/nastix.targaltinternetis.ee\/\">Nastix<\/a><\/strong><\/p>\n\n<figure class=\"wp-block-image size-full is-resized\"><a href=\"https:\/\/nastix.targaltinternetis.ee\/\"><img loading=\"lazy\" decoding=\"async\" width=\"300\" height=\"300\" src=\"https:\/\/noor.targaltinternetis.ee\/wp-content\/uploads\/2015\/12\/photo-9.jpg\" alt=\"\" class=\"wp-image-54\" style=\"width:570px;height:auto\"\/><\/a><\/figure>\n","protected":false},"excerpt":{"rendered":"<p>Veebim\u00e4ng Reis internetis Veebim\u00e4ng Spoofy Veebim\u00e4ng Nastix<\/p>\n","protected":false},"author":1,"featured_media":1229,"parent":0,"menu_order":24,"comment_status":"closed","ping_status":"closed","template":"","meta":{"footnotes":""},"class_list":["post-200","page","type-page","status-publish","has-post-thumbnail","hentry"],"_links":{"self":[{"href":"https:\/\/noor.targaltinternetis.ee\/ru\/wp-json\/wp\/v2\/pages\/200","targetHints":{"allow":["GET"]}}],"collection":[{"href":"https:\/\/noor.targaltinternetis.ee\/ru\/wp-json\/wp\/v2\/pages"}],"about":[{"href":"https:\/\/noor.targaltinternetis.ee\/ru\/wp-json\/wp\/v2\/types\/page"}],"author":[{"embeddable":true,"href":"https:\/\/noor.targaltinternetis.ee\/ru\/wp-json\/wp\/v2\/users\/1"}],"replies":[{"embeddable":true,"href":"https:\/\/noor.targaltinternetis.ee\/ru\/wp-json\/wp\/v2\/comments?post=200"}],"version-history":[{"count":5,"href":"https:\/\/noor.targaltinternetis.ee\/ru\/wp-json\/wp\/v2\/pages\/200\/revisions"}],"predecessor-version":[{"id":1217,"href":"https:\/\/noor.targaltinternetis.ee\/ru\/wp-json\/wp\/v2\/pages\/200\/revisions\/1217"}],"wp:featuredmedia":[{"embeddable":true,"href":"https:\/\/noor.targaltinternetis.ee\/ru\/wp-json\/wp\/v2\/media\/1229"}],"wp:attachment":[{"href":"https:\/\/noor.targaltinternetis.ee\/ru\/wp-json\/wp\/v2\/media?parent=200"}],"curies":[{"name":"wp","href":"https:\/\/api.w.org\/{rel}","templated":true}]}}