{"id":199,"date":"2015-12-16T17:00:16","date_gmt":"2015-12-16T15:00:16","guid":{"rendered":"https:\/\/noor.targaltinternetis.ee\/en\/veebimang-nastix\/"},"modified":"2025-06-30T16:15:31","modified_gmt":"2025-06-30T13:15:31","slug":"game-nastix","status":"publish","type":"page","link":"https:\/\/noor.targaltinternetis.ee\/en\/game-nastix\/","title":{"rendered":"Game Nastix"},"content":{"rendered":"\n<p>Veebim\u00e4ng <a href=\"https:\/\/www.targaltinternetis.ee\/reis\/\">Reis internetis<\/a><\/p>\n\n<figure class=\"wp-block-image size-full is-resized\"><a href=\"https:\/\/www.targaltinternetis.ee\/reis\/\"><img loading=\"lazy\" decoding=\"async\" width=\"696\" height=\"416\" src=\"https:\/\/noor.targaltinternetis.ee\/wp-content\/uploads\/2025\/06\/reis_internetis.png\" alt=\"\" class=\"wp-image-1204\" style=\"width:570px;height:auto\" srcset=\"https:\/\/noor.targaltinternetis.ee\/wp-content\/uploads\/2025\/06\/reis_internetis.png 696w, https:\/\/noor.targaltinternetis.ee\/wp-content\/uploads\/2025\/06\/reis_internetis-340x203.png 340w\" sizes=\"auto, (max-width: 696px) 100vw, 696px\" \/><\/a><\/figure>\n\n<p><strong>Veebim\u00e4ng <a href=\"https:\/\/spoofy.ee\/et\">Spoofy<\/a><\/strong><\/p>\n\n<figure class=\"wp-block-image size-full is-resized\"><a href=\"https:\/\/spoofy.ee\/et\"><img loading=\"lazy\" decoding=\"async\" width=\"1200\" height=\"900\" src=\"https:\/\/noor.targaltinternetis.ee\/wp-content\/uploads\/2023\/09\/Spoofy-mang.jpg\" alt=\"\" class=\"wp-image-1075\" style=\"aspect-ratio:1.3323615160349853;width:575px;height:auto\" srcset=\"https:\/\/noor.targaltinternetis.ee\/wp-content\/uploads\/2023\/09\/Spoofy-mang.jpg 1200w, https:\/\/noor.targaltinternetis.ee\/wp-content\/uploads\/2023\/09\/Spoofy-mang-340x255.jpg 340w\" sizes=\"auto, (max-width: 1200px) 100vw, 1200px\" \/><\/a><\/figure>\n\n<p><strong>Veebim\u00e4ng <a href=\"https:\/\/nastix.targaltinternetis.ee\/\">Nastix<\/a><\/strong><\/p>\n\n<figure class=\"wp-block-image size-full is-resized\"><a href=\"https:\/\/nastix.targaltinternetis.ee\/\"><img loading=\"lazy\" decoding=\"async\" width=\"300\" height=\"300\" src=\"https:\/\/noor.targaltinternetis.ee\/wp-content\/uploads\/2015\/12\/photo-9.jpg\" alt=\"\" class=\"wp-image-54\" style=\"width:570px;height:auto\"\/><\/a><\/figure>\n","protected":false},"excerpt":{"rendered":"<p>Veebim\u00e4ng Reis internetis Veebim\u00e4ng Spoofy Veebim\u00e4ng Nastix<\/p>\n","protected":false},"author":1,"featured_media":1228,"parent":0,"menu_order":24,"comment_status":"closed","ping_status":"closed","template":"","meta":{"footnotes":""},"class_list":["post-199","page","type-page","status-publish","has-post-thumbnail","hentry"],"_links":{"self":[{"href":"https:\/\/noor.targaltinternetis.ee\/en\/wp-json\/wp\/v2\/pages\/199","targetHints":{"allow":["GET"]}}],"collection":[{"href":"https:\/\/noor.targaltinternetis.ee\/en\/wp-json\/wp\/v2\/pages"}],"about":[{"href":"https:\/\/noor.targaltinternetis.ee\/en\/wp-json\/wp\/v2\/types\/page"}],"author":[{"embeddable":true,"href":"https:\/\/noor.targaltinternetis.ee\/en\/wp-json\/wp\/v2\/users\/1"}],"replies":[{"embeddable":true,"href":"https:\/\/noor.targaltinternetis.ee\/en\/wp-json\/wp\/v2\/comments?post=199"}],"version-history":[{"count":5,"href":"https:\/\/noor.targaltinternetis.ee\/en\/wp-json\/wp\/v2\/pages\/199\/revisions"}],"predecessor-version":[{"id":1216,"href":"https:\/\/noor.targaltinternetis.ee\/en\/wp-json\/wp\/v2\/pages\/199\/revisions\/1216"}],"wp:featuredmedia":[{"embeddable":true,"href":"https:\/\/noor.targaltinternetis.ee\/en\/wp-json\/wp\/v2\/media\/1228"}],"wp:attachment":[{"href":"https:\/\/noor.targaltinternetis.ee\/en\/wp-json\/wp\/v2\/media?parent=199"}],"curies":[{"name":"wp","href":"https:\/\/api.w.org\/{rel}","templated":true}]}}