{"id":195,"date":"2015-12-17T12:27:24","date_gmt":"2015-12-17T10:27:24","guid":{"rendered":"https:\/\/noor.targaltinternetis.ee\/en\/kontakt\/"},"modified":"2023-09-26T15:10:22","modified_gmt":"2023-09-26T12:10:22","slug":"contact","status":"publish","type":"page","link":"https:\/\/noor.targaltinternetis.ee\/en\/contact\/","title":{"rendered":"Contact"},"content":{"rendered":"<p>Veebilehte haldab Lastekaitse Liit projekti Targalt internetis raames.\u00a0<\/p>\n<p>Malle Hallim\u00e4e, projekti Targalt internetis koordinaator, MT\u00dc Lastekaitse Liit: <a href=\"mailto:malle.hallimae@lastekaitseliit.ee\">malle.hallimae@lastekaitseliit.ee<\/a><br \/>Kerli Valner, projekti Targalt internetis teavitust\u00f6\u00f6juht, MT\u00dc Lastekaitse Liit: <a href=\"mailto:kerli.valner@lastekaitseliit.ee\">kerli.valner@lastekaitseliit.ee<\/a>\u00a0<\/p>\n<p>Lastekaitse Liit | Endla 6-18 TALLINN 10142 | Tel: 631 1128\u00a0 | E-post: <a href=\"mailto:liit@lastekaitseliit.ee\">liit@lastekaitseliit.ee<\/a><\/p>\n\n<p><\/p>\n","protected":false},"excerpt":{"rendered":"<p>Veebilehte haldab Lastekaitse Liit projekti Targalt internetis raames.\u00a0 Malle Hallim\u00e4e, projekti Targalt internetis koordinaator, MT\u00dc Lastekaitse Liit: malle.hallimae@lastekaitseliit.eeKerli Valner, projekti Targalt internetis teavitust\u00f6\u00f6juht, MT\u00dc&hellip;<\/p>\n","protected":false},"author":1,"featured_media":0,"parent":0,"menu_order":5,"comment_status":"closed","ping_status":"closed","template":"","meta":{"footnotes":""},"class_list":["post-195","page","type-page","status-publish","hentry"],"_links":{"self":[{"href":"https:\/\/noor.targaltinternetis.ee\/en\/wp-json\/wp\/v2\/pages\/195","targetHints":{"allow":["GET"]}}],"collection":[{"href":"https:\/\/noor.targaltinternetis.ee\/en\/wp-json\/wp\/v2\/pages"}],"about":[{"href":"https:\/\/noor.targaltinternetis.ee\/en\/wp-json\/wp\/v2\/types\/page"}],"author":[{"embeddable":true,"href":"https:\/\/noor.targaltinternetis.ee\/en\/wp-json\/wp\/v2\/users\/1"}],"replies":[{"embeddable":true,"href":"https:\/\/noor.targaltinternetis.ee\/en\/wp-json\/wp\/v2\/comments?post=195"}],"version-history":[{"count":3,"href":"https:\/\/noor.targaltinternetis.ee\/en\/wp-json\/wp\/v2\/pages\/195\/revisions"}],"predecessor-version":[{"id":1061,"href":"https:\/\/noor.targaltinternetis.ee\/en\/wp-json\/wp\/v2\/pages\/195\/revisions\/1061"}],"wp:attachment":[{"href":"https:\/\/noor.targaltinternetis.ee\/en\/wp-json\/wp\/v2\/media?parent=195"}],"curies":[{"name":"wp","href":"https:\/\/api.w.org\/{rel}","templated":true}]}}